{"id":1430,"date":"2025-06-19T09:13:06","date_gmt":"2025-06-19T07:13:06","guid":{"rendered":"https:\/\/visionnaire-innovplus.com\/?page_id=1430"},"modified":"2025-06-25T13:18:03","modified_gmt":"2025-06-25T11:18:03","slug":"mentions-legales","status":"publish","type":"page","link":"https:\/\/visionnaire-innovplus.com\/en\/mentions-legales\/","title":{"rendered":"Legal notices"},"content":{"rendered":"<div class=\"wp-block-group padding-mob full-mob is-vertical is-nowrap is-layout-flex wp-container-core-group-is-layout-9d21d9bd wp-block-group-is-layout-flex\" style=\"padding-right:var(--wp--preset--spacing--60);padding-left:var(--wp--preset--spacing--60)\">\n<p class=\"middle\">In accordance with the provisions of Article 6 of Law No. 2004-575 of June 21, 2004 on confidence in the digital economy, users of the site are informed <a href=\"https:\/\/visionnaire-innovplus.com\/en\/\">https:\/\/visionnaire-innovplus.com<\/a> the identity of the various stakeholders involved in its implementation and monitoring.<\/p>\n\n\n\n<p><strong>Site editor<\/strong><\/p>\n\n\n\n<p class=\"middle\">Company name: VISIONNAIRE Innovation+<br>Legal status: Self-employed<br>SIRET: 91087154000019<br>Address: 60 rue \u00c9meriau 75015 Paris<\/p>\n\n\n\n<p><\/p>\n\n\n\n<p><strong>Website host<\/strong><\/p>\n\n\n\n<p class=\"middle\">Name: OVH<\/p>\n\n\n\n<p><strong>Intellectual property<\/strong><\/p>\n\n\n\n<p class=\"middle\">All content on the site <a href=\"https:\/\/visionnaire-innovplus.com\/en\/\">https:\/\/visionnaire-innovplus.com<\/a> (texts, images, graphics, logos, videos, etc.) is protected by French and international laws relating to intellectual property. Any reproduction, representation, modification, publication, adaptation of all or part of the elements of the site is prohibited without the prior written authorization of the publisher.<\/p>\n\n\n\n<p><strong>Limitation of liability<\/strong><\/p>\n\n\n\n<p class=\"middle\">VISIONNAIRE Innovation+ cannot be held responsible for direct or indirect damage caused to the user&#039;s equipment when accessing the site. <a href=\"https:\/\/visionnaire-innovplus.com\/en\/\">https:\/\/visionnaire-innovplus.com<\/a>, and resulting either from the use of equipment that does not meet the specifications indicated, or from the appearance of a bug or incompatibility.<\/p>\n\n\n\n<p><strong>Hyperlinks<\/strong><\/p>\n\n\n\n<p class=\"middle\">The site <a href=\"https:\/\/visionnaire-innovplus.com\/en\/\">https:\/\/visionnaire-innovplus.com<\/a> may contain hyperlinks to other sites. VISIONNAIRE Innovation+ cannot be held responsible for the content of external sites.<\/p>\n\n\n\n<p><strong>Modification of legal notices<\/strong><\/p>\n\n\n\n<p class=\"middle\">VISIONNAIRE Innovation+ reserves the right to modify these terms and conditions at any time. Users are encouraged to review them regularly.<\/p>\n\n\n\n<div style=\"height:0px;width:0px\" aria-hidden=\"true\" class=\"wp-block-spacer wp-container-content-cf2db169\"><\/div>\n<\/div>","protected":false},"excerpt":{"rendered":"<p>Conform\u00e9ment aux dispositions de l\u2019article 6 de la loi n\u00b0 2004-575 du 21 juin 2004 pour la confiance dans l\u2019\u00e9conomie num\u00e9rique, il est pr\u00e9cis\u00e9 aux utilisateurs du site https:\/\/visionnaire-innovplus.com l\u2019identit\u00e9 des diff\u00e9rents intervenants dans le cadre de sa r\u00e9alisation et de son suivi. \u00c9diteur du site Raison sociale : VISIONNAIRE Innovation+Statut juridique : Auto-entrepreneurSIRET : [&hellip;]<\/p>","protected":false},"author":1,"featured_media":0,"parent":0,"menu_order":0,"comment_status":"closed","ping_status":"closed","template":"","meta":{"ub_ctt_via":"","footnotes":""},"class_list":["post-1430","page","type-page","status-publish","hentry"],"featured_image_src":null,"yoast_head":"<!-- This site is optimized with the Yoast SEO plugin v25.5 - https:\/\/yoast.com\/wordpress\/plugins\/seo\/ -->\n<title>Mentions l\u00e9gales | VISIONNAIRE Innovation +<\/title>\n<meta name=\"robots\" content=\"index, follow, max-snippet:-1, max-image-preview:large, max-video-preview:-1\" \/>\n<link rel=\"canonical\" href=\"https:\/\/visionnaire-innovplus.com\/en\/mentions-legales\/\" \/>\n<meta property=\"og:locale\" content=\"en_GB\" \/>\n<meta property=\"og:type\" content=\"article\" \/>\n<meta property=\"og:title\" content=\"Mentions l\u00e9gales | VISIONNAIRE Innovation +\" \/>\n<meta property=\"og:description\" content=\"Conform\u00e9ment aux dispositions de l\u2019article 6 de la loi n\u00b0 2004-575 du 21 juin 2004 pour la confiance dans l\u2019\u00e9conomie num\u00e9rique, il est pr\u00e9cis\u00e9 aux utilisateurs du site https:\/\/visionnaire-innovplus.com l\u2019identit\u00e9 des diff\u00e9rents intervenants dans le cadre de sa r\u00e9alisation et de son suivi. \u00c9diteur du site Raison sociale : VISIONNAIRE Innovation+Statut juridique : Auto-entrepreneurSIRET : [&hellip;]\" \/>\n<meta property=\"og:url\" content=\"https:\/\/visionnaire-innovplus.com\/en\/mentions-legales\/\" \/>\n<meta property=\"og:site_name\" content=\"VISIONNAIRE Innovation +\" \/>\n<meta property=\"article:publisher\" content=\"https:\/\/x.com\/farieldif\" \/>\n<meta property=\"article:modified_time\" content=\"2025-06-25T11:18:03+00:00\" \/>\n<meta name=\"twitter:card\" content=\"summary_large_image\" \/>\n<meta name=\"twitter:label1\" content=\"Estimated reading time\" \/>\n\t<meta name=\"twitter:data1\" content=\"1 minute\" \/>\n<script type=\"application\/ld+json\" class=\"yoast-schema-graph\">{\"@context\":\"https:\/\/schema.org\",\"@graph\":[{\"@type\":\"WebPage\",\"@id\":\"https:\/\/visionnaire-innovplus.com\/mentions-legales\/\",\"url\":\"https:\/\/visionnaire-innovplus.com\/mentions-legales\/\",\"name\":\"Mentions l\u00e9gales | VISIONNAIRE Innovation +\",\"isPartOf\":{\"@id\":\"https:\/\/visionnaire-innovplus.com\/#website\"},\"datePublished\":\"2025-06-19T07:13:06+00:00\",\"dateModified\":\"2025-06-25T11:18:03+00:00\",\"breadcrumb\":{\"@id\":\"https:\/\/visionnaire-innovplus.com\/mentions-legales\/#breadcrumb\"},\"inLanguage\":\"en-GB\",\"potentialAction\":[{\"@type\":\"ReadAction\",\"target\":[\"https:\/\/visionnaire-innovplus.com\/mentions-legales\/\"]}]},{\"@type\":\"BreadcrumbList\",\"@id\":\"https:\/\/visionnaire-innovplus.com\/mentions-legales\/#breadcrumb\",\"itemListElement\":[{\"@type\":\"ListItem\",\"position\":1,\"name\":\"Accueil\",\"item\":\"https:\/\/visionnaire-innovplus.com\/\"},{\"@type\":\"ListItem\",\"position\":2,\"name\":\"Mentions l\u00e9gales\"}]},{\"@type\":\"WebSite\",\"@id\":\"https:\/\/visionnaire-innovplus.com\/#website\",\"url\":\"https:\/\/visionnaire-innovplus.com\/\",\"name\":\"VISIONNAIRE Innovation +\",\"description\":\"La science explique le monde, l\u02bcinnovation le transforme.\",\"publisher\":{\"@id\":\"https:\/\/visionnaire-innovplus.com\/#organization\"},\"potentialAction\":[{\"@type\":\"SearchAction\",\"target\":{\"@type\":\"EntryPoint\",\"urlTemplate\":\"https:\/\/visionnaire-innovplus.com\/?s={search_term_string}\"},\"query-input\":{\"@type\":\"PropertyValueSpecification\",\"valueRequired\":true,\"valueName\":\"search_term_string\"}}],\"inLanguage\":\"en-GB\"},{\"@type\":\"Organization\",\"@id\":\"https:\/\/visionnaire-innovplus.com\/#organization\",\"name\":\"VISIONNAIRE Innovation +\",\"url\":\"https:\/\/visionnaire-innovplus.com\/\",\"logo\":{\"@type\":\"ImageObject\",\"inLanguage\":\"en-GB\",\"@id\":\"https:\/\/visionnaire-innovplus.com\/#\/schema\/logo\/image\/\",\"url\":\"https:\/\/visionnaire-innovplus.com\/wp-content\/uploads\/2025\/06\/LOGO-VISIONNAIRE-INNOVATION.png\",\"contentUrl\":\"https:\/\/visionnaire-innovplus.com\/wp-content\/uploads\/2025\/06\/LOGO-VISIONNAIRE-INNOVATION.png\",\"width\":400,\"height\":65,\"caption\":\"VISIONNAIRE Innovation +\"},\"image\":{\"@id\":\"https:\/\/visionnaire-innovplus.com\/#\/schema\/logo\/image\/\"},\"sameAs\":[\"https:\/\/x.com\/farieldif\"]}]}<\/script>\n<!-- \/ Yoast SEO plugin. -->","yoast_head_json":{"title":"Mentions l\u00e9gales | VISIONNAIRE Innovation +","robots":{"index":"index","follow":"follow","max-snippet":"max-snippet:-1","max-image-preview":"max-image-preview:large","max-video-preview":"max-video-preview:-1"},"canonical":"https:\/\/visionnaire-innovplus.com\/en\/mentions-legales\/","og_locale":"en_GB","og_type":"article","og_title":"Mentions l\u00e9gales | VISIONNAIRE Innovation +","og_description":"Conform\u00e9ment aux dispositions de l\u2019article 6 de la loi n\u00b0 2004-575 du 21 juin 2004 pour la confiance dans l\u2019\u00e9conomie num\u00e9rique, il est pr\u00e9cis\u00e9 aux utilisateurs du site https:\/\/visionnaire-innovplus.com l\u2019identit\u00e9 des diff\u00e9rents intervenants dans le cadre de sa r\u00e9alisation et de son suivi. \u00c9diteur du site Raison sociale : VISIONNAIRE Innovation+Statut juridique : Auto-entrepreneurSIRET : [&hellip;]","og_url":"https:\/\/visionnaire-innovplus.com\/en\/mentions-legales\/","og_site_name":"VISIONNAIRE Innovation +","article_publisher":"https:\/\/x.com\/farieldif","article_modified_time":"2025-06-25T11:18:03+00:00","twitter_card":"summary_large_image","twitter_misc":{"Estimated reading time":"1 minute"},"schema":{"@context":"https:\/\/schema.org","@graph":[{"@type":"WebPage","@id":"https:\/\/visionnaire-innovplus.com\/mentions-legales\/","url":"https:\/\/visionnaire-innovplus.com\/mentions-legales\/","name":"Mentions l\u00e9gales | VISIONNAIRE Innovation +","isPartOf":{"@id":"https:\/\/visionnaire-innovplus.com\/#website"},"datePublished":"2025-06-19T07:13:06+00:00","dateModified":"2025-06-25T11:18:03+00:00","breadcrumb":{"@id":"https:\/\/visionnaire-innovplus.com\/mentions-legales\/#breadcrumb"},"inLanguage":"en-GB","potentialAction":[{"@type":"ReadAction","target":["https:\/\/visionnaire-innovplus.com\/mentions-legales\/"]}]},{"@type":"BreadcrumbList","@id":"https:\/\/visionnaire-innovplus.com\/mentions-legales\/#breadcrumb","itemListElement":[{"@type":"ListItem","position":1,"name":"Accueil","item":"https:\/\/visionnaire-innovplus.com\/"},{"@type":"ListItem","position":2,"name":"Mentions l\u00e9gales"}]},{"@type":"WebSite","@id":"https:\/\/visionnaire-innovplus.com\/#website","url":"https:\/\/visionnaire-innovplus.com\/","name":"VISIONNAIRE Innovation +","description":"La science explique le monde, l\u02bcinnovation le transforme.","publisher":{"@id":"https:\/\/visionnaire-innovplus.com\/#organization"},"potentialAction":[{"@type":"SearchAction","target":{"@type":"EntryPoint","urlTemplate":"https:\/\/visionnaire-innovplus.com\/?s={search_term_string}"},"query-input":{"@type":"PropertyValueSpecification","valueRequired":true,"valueName":"search_term_string"}}],"inLanguage":"en-GB"},{"@type":"Organization","@id":"https:\/\/visionnaire-innovplus.com\/#organization","name":"VISIONNAIRE Innovation +","url":"https:\/\/visionnaire-innovplus.com\/","logo":{"@type":"ImageObject","inLanguage":"en-GB","@id":"https:\/\/visionnaire-innovplus.com\/#\/schema\/logo\/image\/","url":"https:\/\/visionnaire-innovplus.com\/wp-content\/uploads\/2025\/06\/LOGO-VISIONNAIRE-INNOVATION.png","contentUrl":"https:\/\/visionnaire-innovplus.com\/wp-content\/uploads\/2025\/06\/LOGO-VISIONNAIRE-INNOVATION.png","width":400,"height":65,"caption":"VISIONNAIRE Innovation +"},"image":{"@id":"https:\/\/visionnaire-innovplus.com\/#\/schema\/logo\/image\/"},"sameAs":["https:\/\/x.com\/farieldif"]}]}},"_links":{"self":[{"href":"https:\/\/visionnaire-innovplus.com\/en\/wp-json\/wp\/v2\/pages\/1430","targetHints":{"allow":["GET"]}}],"collection":[{"href":"https:\/\/visionnaire-innovplus.com\/en\/wp-json\/wp\/v2\/pages"}],"about":[{"href":"https:\/\/visionnaire-innovplus.com\/en\/wp-json\/wp\/v2\/types\/page"}],"author":[{"embeddable":true,"href":"https:\/\/visionnaire-innovplus.com\/en\/wp-json\/wp\/v2\/users\/1"}],"replies":[{"embeddable":true,"href":"https:\/\/visionnaire-innovplus.com\/en\/wp-json\/wp\/v2\/comments?post=1430"}],"version-history":[{"count":0,"href":"https:\/\/visionnaire-innovplus.com\/en\/wp-json\/wp\/v2\/pages\/1430\/revisions"}],"wp:attachment":[{"href":"https:\/\/visionnaire-innovplus.com\/en\/wp-json\/wp\/v2\/media?parent=1430"}],"curies":[{"name":"wp","href":"https:\/\/api.w.org\/{rel}","templated":true}]}}